{"id":3800,"date":"2025-07-03T15:17:59","date_gmt":"2025-07-03T15:17:59","guid":{"rendered":"https:\/\/luxren.devawove.com\/?page_id=3800"},"modified":"2025-07-05T09:08:17","modified_gmt":"2025-07-05T09:08:17","slug":"economic-calendar","status":"publish","type":"page","link":"https:\/\/luxren.devawove.com\/fr\/economic-calendar\/","title":{"rendered":"Calendrier \u00e9conomique"},"content":{"rendered":"<div data-elementor-type=\"wp-page\" data-elementor-id=\"3800\" class=\"elementor elementor-3800\" data-elementor-post-type=\"page\">\n\t\t\t\t<div class=\"elementor-element elementor-element-06d84c8 e-con-full e-flex e-con e-parent\" data-id=\"06d84c8\" data-element_type=\"container\" data-e-type=\"container\" data-settings=\"{&quot;background_background&quot;:&quot;classic&quot;}\">\n\t\t<div class=\"elementor-element elementor-element-1c6d594 e-con-full e-flex e-con e-child\" data-id=\"1c6d594\" data-element_type=\"container\" data-e-type=\"container\">\n\t\t\t\t<div class=\"elementor-element elementor-element-71b846d elementor-widget__width-inherit elementor-widget-mobile__width-inherit elementor-widget elementor-widget-heading\" data-id=\"71b846d\" data-element_type=\"widget\" data-e-type=\"widget\" data-widget_type=\"heading.default\">\n\t\t\t\t<div class=\"elementor-widget-container\">\n\t\t\t\t\t<h2 class=\"elementor-heading-title elementor-size-default\">Calendrier \u00e9conomique<\/h2>\t\t\t\t<\/div>\n\t\t\t\t<\/div>\n\t\t\t\t<div class=\"elementor-element elementor-element-999939e elementor-widget__width-initial elementor-widget-tablet__width-inherit elementor-widget elementor-widget-text-editor\" data-id=\"999939e\" data-element_type=\"widget\" data-e-type=\"widget\" data-widget_type=\"text-editor.default\">\n\t\t\t\t<div class=\"elementor-widget-container\">\n\t\t\t\t\t\t\t\t\t<p>Suivez en temps r\u00e9el les \u00e9v\u00e9nements \u00e9conomiques \u00e0 venir. Notre calendrier \u00e9conomique fournit des mises \u00e0 jour ponctuelles sur les principales publications de donn\u00e9es, permettant une planification efficace des transactions et une navigation \u00e9clair\u00e9e des mouvements du march\u00e9.<\/p>\t\t\t\t\t\t\t\t<\/div>\n\t\t\t\t<\/div>\n\t\t\t\t<\/div>\n\t\t\t\t<\/div>\n\t\t<div class=\"elementor-element elementor-element-f23183e e-flex e-con-boxed e-con e-parent\" data-id=\"f23183e\" data-element_type=\"container\" data-e-type=\"container\">\n\t\t\t\t\t<div class=\"e-con-inner\">\n\t\t\t\t<div class=\"elementor-element elementor-element-89e1d7e elementor-widget elementor-widget-html\" data-id=\"89e1d7e\" data-element_type=\"widget\" data-e-type=\"widget\" data-widget_type=\"html.default\">\n\t\t\t\t<div class=\"elementor-widget-container\">\n\t\t\t\t\t<!-- TradingView Widget BEGIN -->\n<div class=\"tradingview-widget-container\">\n  <div class=\"tradingview-widget-container__widget\"><\/div>\n  <div class=\"tradingview-widget-copyright\"><a href=\"https:\/\/www.tradingview.com\/\" rel=\"noopener nofollow\" target=\"_blank\"><span class=\"blue-text\">Suivre tous les march\u00e9s sur TradingView<\/span><\/a><\/div>\n  <script type=\"text\/javascript\" src=\"https:\/\/s3.tradingview.com\/external-embedding\/embed-widget-events.js\" async>\n  {\n  \"colorTheme\": \"light\",\n  \"isTransparent\": true,\n  \"locale\": \"en\",\n  \"countryFilter\": \"ar,au,br,ca,cn,fr,de,in,id,it,jp,kr,mx,ru,sa,za,tr,gb,us,eu\",\n  \"importanceFilter\": \"-1,0,1\",\n  \"width\": 1200,\n  \"height\": 2000\n}\n  <\/script>\n<\/div>\n<!-- TradingView Widget END -->\t\t\t\t<\/div>\n\t\t\t\t<\/div>\n\t\t\t\t\t<\/div>\n\t\t\t\t<\/div>\n\t\t\t\t<\/div>","protected":false},"excerpt":{"rendered":"<p>ECONOMIC CALENDAR Track upcoming economic events in real time. Our Economic Calendar provides timely updates on key data releases, enabling effective trade planning and informed navigation of market movements. Track all markets on TradingView<\/p>","protected":false},"author":1,"featured_media":0,"parent":0,"menu_order":0,"comment_status":"closed","ping_status":"closed","template":"","meta":{"_acf_changed":false,"inline_featured_image":false,"footnotes":""},"class_list":["post-3800","page","type-page","status-publish","hentry"],"acf":[],"yoast_head":"<!-- This site is optimized with the Yoast SEO plugin v27.3 - https:\/\/yoast.com\/product\/yoast-seo-wordpress\/ -->\n<title>Economic Calendar - Luxren Capital<\/title>\n<meta name=\"robots\" content=\"noindex, follow, max-snippet:-1, max-image-preview:large, max-video-preview:-1\" \/>\n<meta property=\"og:locale\" content=\"fr_FR\" \/>\n<meta property=\"og:type\" content=\"article\" \/>\n<meta property=\"og:title\" content=\"Economic Calendar - Luxren Capital\" \/>\n<meta property=\"og:description\" content=\"ECONOMIC CALENDAR Track upcoming economic events in real time. Our Economic Calendar provides timely updates on key data releases, enabling effective trade planning and informed navigation of market movements. Track all markets on TradingView\" \/>\n<meta property=\"og:url\" content=\"https:\/\/luxren.devawove.com\/fr\/economic-calendar\/\" \/>\n<meta property=\"og:site_name\" content=\"Luxren Capital\" \/>\n<meta property=\"article:modified_time\" content=\"2025-07-05T09:08:17+00:00\" \/>\n<meta name=\"twitter:card\" content=\"summary_large_image\" \/>\n<meta name=\"twitter:label1\" content=\"Dur\u00e9e de lecture estim\u00e9e\" \/>\n\t<meta name=\"twitter:data1\" content=\"1 minute\" \/>\n<script type=\"application\/ld+json\" class=\"yoast-schema-graph\">{\"@context\":\"https:\\\/\\\/schema.org\",\"@graph\":[{\"@type\":\"WebPage\",\"@id\":\"https:\\\/\\\/luxren.devawove.com\\\/economic-calendar\\\/\",\"url\":\"https:\\\/\\\/luxren.devawove.com\\\/economic-calendar\\\/\",\"name\":\"Economic Calendar - Luxren Capital\",\"isPartOf\":{\"@id\":\"https:\\\/\\\/luxren.devawove.com\\\/#website\"},\"datePublished\":\"2025-07-03T15:17:59+00:00\",\"dateModified\":\"2025-07-05T09:08:17+00:00\",\"breadcrumb\":{\"@id\":\"https:\\\/\\\/luxren.devawove.com\\\/economic-calendar\\\/#breadcrumb\"},\"inLanguage\":\"fr-FR\",\"potentialAction\":[{\"@type\":\"ReadAction\",\"target\":[\"https:\\\/\\\/luxren.devawove.com\\\/economic-calendar\\\/\"]}]},{\"@type\":\"BreadcrumbList\",\"@id\":\"https:\\\/\\\/luxren.devawove.com\\\/economic-calendar\\\/#breadcrumb\",\"itemListElement\":[{\"@type\":\"ListItem\",\"position\":1,\"name\":\"Home\",\"item\":\"https:\\\/\\\/luxren.devawove.com\\\/en\\\/\"},{\"@type\":\"ListItem\",\"position\":2,\"name\":\"Economic Calendar\"}]},{\"@type\":\"WebSite\",\"@id\":\"https:\\\/\\\/luxren.devawove.com\\\/#website\",\"url\":\"https:\\\/\\\/luxren.devawove.com\\\/\",\"name\":\"Luxren Capital\",\"description\":\"\",\"publisher\":{\"@id\":\"https:\\\/\\\/luxren.devawove.com\\\/#organization\"},\"potentialAction\":[{\"@type\":\"SearchAction\",\"target\":{\"@type\":\"EntryPoint\",\"urlTemplate\":\"https:\\\/\\\/luxren.devawove.com\\\/?s={search_term_string}\"},\"query-input\":{\"@type\":\"PropertyValueSpecification\",\"valueRequired\":true,\"valueName\":\"search_term_string\"}}],\"inLanguage\":\"fr-FR\"},{\"@type\":\"Organization\",\"@id\":\"https:\\\/\\\/luxren.devawove.com\\\/#organization\",\"name\":\"Luxren Capital\",\"url\":\"https:\\\/\\\/luxren.devawove.com\\\/\",\"logo\":{\"@type\":\"ImageObject\",\"inLanguage\":\"fr-FR\",\"@id\":\"https:\\\/\\\/luxren.devawove.com\\\/#\\\/schema\\\/logo\\\/image\\\/\",\"url\":\"https:\\\/\\\/luxren.devawove.com\\\/wp-content\\\/uploads\\\/2025\\\/04\\\/Group-1326.svg\",\"contentUrl\":\"https:\\\/\\\/luxren.devawove.com\\\/wp-content\\\/uploads\\\/2025\\\/04\\\/Group-1326.svg\",\"width\":1269,\"height\":193,\"caption\":\"Luxren Capital\"},\"image\":{\"@id\":\"https:\\\/\\\/luxren.devawove.com\\\/#\\\/schema\\\/logo\\\/image\\\/\"}}]}<\/script>\n<!-- \/ Yoast SEO plugin. -->","yoast_head_json":{"title":"Economic Calendar - Luxren Capital","robots":{"index":"noindex","follow":"follow","max-snippet":"max-snippet:-1","max-image-preview":"max-image-preview:large","max-video-preview":"max-video-preview:-1"},"og_locale":"fr_FR","og_type":"article","og_title":"Economic Calendar - Luxren Capital","og_description":"ECONOMIC CALENDAR Track upcoming economic events in real time. Our Economic Calendar provides timely updates on key data releases, enabling effective trade planning and informed navigation of market movements. Track all markets on TradingView","og_url":"https:\/\/luxren.devawove.com\/fr\/economic-calendar\/","og_site_name":"Luxren Capital","article_modified_time":"2025-07-05T09:08:17+00:00","twitter_card":"summary_large_image","twitter_misc":{"Dur\u00e9e de lecture estim\u00e9e":"1 minute"},"schema":{"@context":"https:\/\/schema.org","@graph":[{"@type":"WebPage","@id":"https:\/\/luxren.devawove.com\/economic-calendar\/","url":"https:\/\/luxren.devawove.com\/economic-calendar\/","name":"Economic Calendar - Luxren Capital","isPartOf":{"@id":"https:\/\/luxren.devawove.com\/#website"},"datePublished":"2025-07-03T15:17:59+00:00","dateModified":"2025-07-05T09:08:17+00:00","breadcrumb":{"@id":"https:\/\/luxren.devawove.com\/economic-calendar\/#breadcrumb"},"inLanguage":"fr-FR","potentialAction":[{"@type":"ReadAction","target":["https:\/\/luxren.devawove.com\/economic-calendar\/"]}]},{"@type":"BreadcrumbList","@id":"https:\/\/luxren.devawove.com\/economic-calendar\/#breadcrumb","itemListElement":[{"@type":"ListItem","position":1,"name":"Home","item":"https:\/\/luxren.devawove.com\/en\/"},{"@type":"ListItem","position":2,"name":"Economic Calendar"}]},{"@type":"WebSite","@id":"https:\/\/luxren.devawove.com\/#website","url":"https:\/\/luxren.devawove.com\/","name":"Luxren Capital","description":"","publisher":{"@id":"https:\/\/luxren.devawove.com\/#organization"},"potentialAction":[{"@type":"SearchAction","target":{"@type":"EntryPoint","urlTemplate":"https:\/\/luxren.devawove.com\/?s={search_term_string}"},"query-input":{"@type":"PropertyValueSpecification","valueRequired":true,"valueName":"search_term_string"}}],"inLanguage":"fr-FR"},{"@type":"Organization","@id":"https:\/\/luxren.devawove.com\/#organization","name":"Luxren Capital","url":"https:\/\/luxren.devawove.com\/","logo":{"@type":"ImageObject","inLanguage":"fr-FR","@id":"https:\/\/luxren.devawove.com\/#\/schema\/logo\/image\/","url":"https:\/\/luxren.devawove.com\/wp-content\/uploads\/2025\/04\/Group-1326.svg","contentUrl":"https:\/\/luxren.devawove.com\/wp-content\/uploads\/2025\/04\/Group-1326.svg","width":1269,"height":193,"caption":"Luxren Capital"},"image":{"@id":"https:\/\/luxren.devawove.com\/#\/schema\/logo\/image\/"}}]}},"_links":{"self":[{"href":"https:\/\/luxren.devawove.com\/fr\/wp-json\/wp\/v2\/pages\/3800","targetHints":{"allow":["GET"]}}],"collection":[{"href":"https:\/\/luxren.devawove.com\/fr\/wp-json\/wp\/v2\/pages"}],"about":[{"href":"https:\/\/luxren.devawove.com\/fr\/wp-json\/wp\/v2\/types\/page"}],"author":[{"embeddable":true,"href":"https:\/\/luxren.devawove.com\/fr\/wp-json\/wp\/v2\/users\/1"}],"replies":[{"embeddable":true,"href":"https:\/\/luxren.devawove.com\/fr\/wp-json\/wp\/v2\/comments?post=3800"}],"version-history":[{"count":31,"href":"https:\/\/luxren.devawove.com\/fr\/wp-json\/wp\/v2\/pages\/3800\/revisions"}],"predecessor-version":[{"id":3869,"href":"https:\/\/luxren.devawove.com\/fr\/wp-json\/wp\/v2\/pages\/3800\/revisions\/3869"}],"wp:attachment":[{"href":"https:\/\/luxren.devawove.com\/fr\/wp-json\/wp\/v2\/media?parent=3800"}],"curies":[{"name":"wp","href":"https:\/\/api.w.org\/{rel}","templated":true}]}}